{"id":6901,"date":"2021-01-14T22:10:06","date_gmt":"2021-01-14T21:10:06","guid":{"rendered":"http:\/\/vinylgrove.nl\/index.php\/product\/manco-baris-3\/"},"modified":"2025-09-18T15:43:00","modified_gmt":"2025-09-18T13:43:00","slug":"manco-baris-3","status":"publish","type":"product","link":"https:\/\/vinylgrove.nl\/index.php\/product\/manco-baris-3\/","title":{"rendered":"Man\u00e7o, Bar\u0131\u015f"},"content":{"rendered":"","protected":false},"excerpt":{"rendered":"<p>S\u00f6z\u00fcm Meclisten D\u0131\u015far\u0131<\/p>\n","protected":false},"featured_media":6902,"template":"","meta":[],"product_brand":[],"product_cat":[726],"product_tag":[744],"class_list":{"0":"post-6901","1":"product","2":"type-product","3":"status-publish","4":"has-post-thumbnail","6":"product_cat-world","7":"product_tag-pharaway-sounds","9":"first","10":"outofstock","11":"shipping-taxable","12":"purchasable","13":"product-type-simple"},"_links":{"self":[{"href":"https:\/\/vinylgrove.nl\/index.php\/wp-json\/wp\/v2\/product\/6901","targetHints":{"allow":["GET"]}}],"collection":[{"href":"https:\/\/vinylgrove.nl\/index.php\/wp-json\/wp\/v2\/product"}],"about":[{"href":"https:\/\/vinylgrove.nl\/index.php\/wp-json\/wp\/v2\/types\/product"}],"wp:featuredmedia":[{"embeddable":true,"href":"https:\/\/vinylgrove.nl\/index.php\/wp-json\/wp\/v2\/media\/6902"}],"wp:attachment":[{"href":"https:\/\/vinylgrove.nl\/index.php\/wp-json\/wp\/v2\/media?parent=6901"}],"wp:term":[{"taxonomy":"product_brand","embeddable":true,"href":"https:\/\/vinylgrove.nl\/index.php\/wp-json\/wp\/v2\/product_brand?post=6901"},{"taxonomy":"product_cat","embeddable":true,"href":"https:\/\/vinylgrove.nl\/index.php\/wp-json\/wp\/v2\/product_cat?post=6901"},{"taxonomy":"product_tag","embeddable":true,"href":"https:\/\/vinylgrove.nl\/index.php\/wp-json\/wp\/v2\/product_tag?post=6901"}],"curies":[{"name":"wp","href":"https:\/\/api.w.org\/{rel}","templated":true}]}}